{"id":338,"date":"2023-10-11T14:31:30","date_gmt":"2023-10-11T14:31:30","guid":{"rendered":"https:\/\/www.asistent24.hr\/novo\/?page_id=338"},"modified":"2025-12-22T09:24:16","modified_gmt":"2025-12-22T09:24:16","slug":"o-nama","status":"publish","type":"page","link":"https:\/\/www.asistent24.hr\/knjigovodstvo\/o-nama\/","title":{"rendered":"O nama"},"content":{"rendered":"<p>[et_pb_section fb_built=&#8221;1&#8243; admin_label=&#8221;Naslovna&#8221; _builder_version=&#8221;4.25.2&#8243; background_color=&#8221;#FFFFFF&#8221; background_enable_image=&#8221;off&#8221; background_position=&#8221;bottom_center&#8221; custom_margin=&#8221;0px||||false|false&#8221; custom_padding=&#8221;0px|0px||0px|false|false&#8221; global_colors_info=&#8221;{}&#8221;][et_pb_row column_structure=&#8221;3_5,2_5&#8243; admin_label=&#8221;Sadr\u017eaj&#8221; _builder_version=&#8221;4.25.2&#8243; background_size=&#8221;initial&#8221; background_position=&#8221;top_left&#8221; background_repeat=&#8221;repeat&#8221; custom_margin=&#8221;||||false|false&#8221; custom_padding=&#8221;||||false|false&#8221; global_colors_info=&#8221;{}&#8221;][et_pb_column type=&#8221;3_5&#8243; _builder_version=&#8221;4.16&#8243; custom_padding=&#8221;|||&#8221; global_colors_info=&#8221;{}&#8221; custom_padding__hover=&#8221;|||&#8221;][et_pb_text _builder_version=&#8221;4.25.2&#8243; text_font=&#8221;PT Sans||||||||&#8221; text_text_color=&#8221;#FFFFFF&#8221; text_line_height=&#8221;1.8em&#8221; header_font=&#8221;Poppins|500|||||||&#8221; header_text_color=&#8221;#74b360&#8243; header_font_size=&#8221;44px&#8221; header_line_height=&#8221;1.3em&#8221; header_2_font=&#8221;||||||||&#8221; header_3_font=&#8221;||||||||&#8221; header_4_font=&#8221;||||||||&#8221; background_layout=&#8221;dark&#8221; header_font_size_tablet=&#8221;44px&#8221; header_font_size_phone=&#8221;36px&#8221; header_font_size_last_edited=&#8221;on|phone&#8221; global_colors_info=&#8221;{}&#8221;]<\/p>\n<h1><span>O nama<\/span><\/h1>\n<p>[\/et_pb_text][et_pb_text _builder_version=&#8221;4.25.2&#8243; text_font=&#8221;&#8211;et_global_body_font|&#8211;et_global_body_font_weight|||||||&#8221; text_text_color=&#8221;#25394e&#8221; header_font=&#8221;Poppins|500|||||||&#8221; header_font_size=&#8221;44px&#8221; header_line_height=&#8221;1.3em&#8221; header_2_font=&#8221;||||||||&#8221; header_3_font=&#8221;||||||||&#8221; header_4_font=&#8221;||||||||&#8221; background_layout=&#8221;dark&#8221; global_colors_info=&#8221;{}&#8221;]<\/p>\n<div itemprop=\"articleBody\">\n<p>Asistent 24 Plus knjigovodstveni servis pouzdano i a\u017eurno vodi Va\u0161e poslovne knjige, ra\u010dunovodstvene, porezne i ostale evidencije u skladu s va\u017ee\u0107im zakonima i poreznim propisima RH, te je specijalizirana za ra\u010dunovodstvo i prate\u0107e usluge s ponudom prilago\u0111enom kako malim i srednjim poduzetnicima, tako i obrtima, slobodnim djelatnostima i neprofitabilnim organizacijama.<\/p>\n<p>Na\u0161a prednost su pouzdanost, to\u010dnost, uslu\u017enost, \u017eelja za uspjehom, ljubav prema poslu, individualan pristup, stroga povjerljivost, strogo dr\u017eanje dogovorenih rokova.<\/p>\n<p>Knjigovodstveni servis Asistent 24 Plus kontinuirano usavr\u0161ava svoje znanje i usluge u svakom segmentu svojeg poslovanja, te se prilago\u0111ava svakom klijentu. Za nas je zadovoljan klijent prioritet.<\/p>\n<p>Sura\u0111ujemo sa svim zna\u010dajnim savjetodavnim institucijama, te pratimo stru\u010dnu literaturu i tako se pravovremeno uskla\u0111ujemo s novim zakonima i pravilima u Republici Hrvatskoj.<\/p>\n<p>Na\u0161i klijenti su na vrijeme obavije\u0161teni o svojem poslovanju i u svakom nam se trenutku mogu obratiti za savjet.<\/p>\n<\/div>\n<p>[\/et_pb_text][et_pb_button button_url=&#8221;@ET-DC@eyJkeW5hbWljIjp0cnVlLCJjb250ZW50IjoicG9zdF9saW5rX3VybF9wYWdlIiwic2V0dGluZ3MiOnsicG9zdF9pZCI6IjY2NiJ9fQ==@&#8221; button_text=&#8221;Po\u0161aljite nam upit&#8221; button_alignment=&#8221;left&#8221; _builder_version=&#8221;4.25.2&#8243; _dynamic_attributes=&#8221;button_url&#8221; _module_preset=&#8221;default&#8221; custom_button=&#8221;on&#8221; button_text_size=&#8221;20px&#8221; button_text_color=&#8221;#FFFFFF&#8221; button_bg_color=&#8221;#74b360&#8243; button_border_width=&#8221;0px&#8221; button_border_color=&#8221;RGBA(255,255,255,0)&#8221; button_border_radius=&#8221;6px&#8221; button_letter_spacing=&#8221;0px&#8221; button_font=&#8221;Poppins|500|||||||&#8221; button_use_icon=&#8221;off&#8221; background_layout=&#8221;dark&#8221; hover_enabled=&#8221;0&#8243; global_colors_info=&#8221;{}&#8221; button_bg_enable_color=&#8221;on&#8221; sticky_enabled=&#8221;0&#8243;][\/et_pb_button][\/et_pb_column][et_pb_column type=&#8221;2_5&#8243; _builder_version=&#8221;4.25.2&#8243; background_color=&#8221;#74b360&#8243; background_blend=&#8221;overlay&#8221; custom_padding=&#8221;30px|30px|30px|30px&#8221; border_radii=&#8221;on|12px|12px|12px|12px&#8221; border_color_all=&#8221;#000000&#8243; global_colors_info=&#8221;{}&#8221; custom_padding__hover=&#8221;|||&#8221;][et_pb_blurb title=&#8221;Podaci o obrtu&#8221; image_icon_width=&#8221;35%&#8221; _builder_version=&#8221;4.25.2&#8243; header_font=&#8221;Poppins|700||on|||||&#8221; header_text_align=&#8221;center&#8221; header_letter_spacing=&#8221;1px&#8221; header_line_height=&#8221;25px&#8221; body_font=&#8221;||||||||&#8221; body_text_color=&#8221;#FFFFFF&#8221; background_layout=&#8221;dark&#8221; custom_margin=&#8221;|||&#8221; custom_padding=&#8221;|||&#8221; animation_style=&#8221;slide&#8221; animation_direction=&#8221;bottom&#8221; animation_intensity_slide=&#8221;10%&#8221; animation=&#8221;off&#8221; global_colors_info=&#8221;{}&#8221;]<\/p>\n<ul>\n<li>Naziv obrta: Asistent 24, obrt za usluge<\/li>\n<li>OIB: <span>60574171910<\/span><\/li>\n<li>Oznaka obrta: 69.20.01 Ra\u010dunovodstveni, knjigovodstveni poslovi<\/li>\n<li>Ime i prezime obrtnika: Anamarija Kufner<\/li>\n<li>Sjedi\u0161te: Bedeni\u010dki put 8, Zagreb<\/li>\n<li>Ured: Vukomerec 44, Zagreb<\/li>\n<li>Upisan u Obrtni registar: <span>Gradski ured za gospodarstvo, ekoloo\u0161ku odr\u017eivost, i strategijsko planiranje, Sektor za gospodarstvo, poduzetni\u0161tvo, turizam i investicije, Odje\u010d za gospodarske djelatnosti i rad Zagreb (Zagreb)<\/span><\/li>\n<li>MBO: 98218263<\/li>\n<li>\u017diro ra\u010dun: HR8124840081135190376, otvoren u RBA<\/li>\n<\/ul>\n<p>[\/et_pb_blurb][\/et_pb_column][\/et_pb_row][\/et_pb_section]<\/p>\n","protected":false},"excerpt":{"rendered":"<p>O nama Asistent 24 Plus knjigovodstveni servis pouzdano i a\u017eurno vodi Va\u0161e poslovne knjige, ra\u010dunovodstvene, porezne i ostale evidencije u skladu s va\u017ee\u0107im zakonima i poreznim propisima RH, te je specijalizirana za ra\u010dunovodstvo i prate\u0107e usluge s ponudom prilago\u0111enom kako malim i srednjim poduzetnicima, tako i obrtima, slobodnim djelatnostima i neprofitabilnim organizacijama. Na\u0161a prednost su [&hellip;]<\/p>\n","protected":false},"author":1,"featured_media":0,"parent":0,"menu_order":0,"comment_status":"closed","ping_status":"closed","template":"","meta":{"_et_pb_use_builder":"on","_et_pb_old_content":"","_et_gb_content_width":"","footnotes":""},"class_list":["post-338","page","type-page","status-publish","hentry"],"_links":{"self":[{"href":"https:\/\/www.asistent24.hr\/knjigovodstvo\/wp-json\/wp\/v2\/pages\/338","targetHints":{"allow":["GET"]}}],"collection":[{"href":"https:\/\/www.asistent24.hr\/knjigovodstvo\/wp-json\/wp\/v2\/pages"}],"about":[{"href":"https:\/\/www.asistent24.hr\/knjigovodstvo\/wp-json\/wp\/v2\/types\/page"}],"author":[{"embeddable":true,"href":"https:\/\/www.asistent24.hr\/knjigovodstvo\/wp-json\/wp\/v2\/users\/1"}],"replies":[{"embeddable":true,"href":"https:\/\/www.asistent24.hr\/knjigovodstvo\/wp-json\/wp\/v2\/comments?post=338"}],"version-history":[{"count":16,"href":"https:\/\/www.asistent24.hr\/knjigovodstvo\/wp-json\/wp\/v2\/pages\/338\/revisions"}],"predecessor-version":[{"id":1013,"href":"https:\/\/www.asistent24.hr\/knjigovodstvo\/wp-json\/wp\/v2\/pages\/338\/revisions\/1013"}],"wp:attachment":[{"href":"https:\/\/www.asistent24.hr\/knjigovodstvo\/wp-json\/wp\/v2\/media?parent=338"}],"curies":[{"name":"wp","href":"https:\/\/api.w.org\/{rel}","templated":true}]}}