{"id":343,"date":"2023-10-11T15:08:06","date_gmt":"2023-10-11T15:08:06","guid":{"rendered":"https:\/\/www.asistent24.hr\/novo\/?page_id=343"},"modified":"2025-12-22T09:23:43","modified_gmt":"2025-12-22T09:23:43","slug":"cookies","status":"publish","type":"page","link":"https:\/\/www.asistent24.hr\/knjigovodstvo\/cookies\/","title":{"rendered":"O kola\u010di\u010dima"},"content":{"rendered":"<p>[et_pb_section fb_built=&#8221;1&#8243; admin_label=&#8221;Naslovna&#8221; _builder_version=&#8221;4.25.2&#8243; background_color=&#8221;#FFFFFF&#8221; background_enable_image=&#8221;off&#8221; background_position=&#8221;bottom_center&#8221; custom_margin=&#8221;0px||||false|false&#8221; custom_padding=&#8221;0px|0px||0px|false|false&#8221; global_colors_info=&#8221;{}&#8221;][et_pb_row admin_label=&#8221;Sadr\u017eaj&#8221; _builder_version=&#8221;4.22.2&#8243; background_size=&#8221;initial&#8221; background_position=&#8221;top_left&#8221; background_repeat=&#8221;repeat&#8221; custom_margin=&#8221;||||false|false&#8221; custom_padding=&#8221;||||false|false&#8221; global_colors_info=&#8221;{}&#8221;][et_pb_column type=&#8221;4_4&#8243; _builder_version=&#8221;4.16&#8243; custom_padding=&#8221;|||&#8221; global_colors_info=&#8221;{}&#8221; custom_padding__hover=&#8221;|||&#8221;][et_pb_text _builder_version=&#8221;4.25.2&#8243; text_font=&#8221;PT Sans||||||||&#8221; text_text_color=&#8221;#FFFFFF&#8221; text_line_height=&#8221;1.8em&#8221; header_font=&#8221;Poppins|500|||||||&#8221; header_text_color=&#8221;#74b360&#8243; header_font_size=&#8221;44px&#8221; header_line_height=&#8221;1.3em&#8221; header_2_font=&#8221;||||||||&#8221; header_3_font=&#8221;||||||||&#8221; header_4_font=&#8221;||||||||&#8221; background_layout=&#8221;dark&#8221; header_font_size_tablet=&#8221;44px&#8221; header_font_size_phone=&#8221;36px&#8221; header_font_size_last_edited=&#8221;on|phone&#8221; global_colors_info=&#8221;{}&#8221;]<\/p>\n<h1><span>O kola\u010di\u0107ima<\/span><\/h1>\n<p>[\/et_pb_text][et_pb_text _builder_version=&#8221;4.25.2&#8243; text_font=&#8221;&#8211;et_global_body_font|&#8211;et_global_body_font_weight|||||||&#8221; text_text_color=&#8221;#25394e&#8221; header_font=&#8221;Poppins|500|||||||&#8221; header_font_size=&#8221;44px&#8221; header_line_height=&#8221;1.3em&#8221; header_2_font=&#8221;||||||||&#8221; header_3_font=&#8221;||||||||&#8221; header_4_font=&#8221;||||||||&#8221; background_layout=&#8221;dark&#8221; global_colors_info=&#8221;{}&#8221;]Na\u0161e internetske stranice koriste kola\u010di\u0107e. Kola\u010di\u0107ima se smatraju datoteke male veli\u010dine koje se privremeno pohranjuju na va\u0161emu tvrdom disku, \u0161to na\u0161oj internetskoj stranici omogu\u0107ava prepoznavanje va\u0161ega ra\u010dunala prilikom sljede\u0107eg posjeta na\u0161im stranicama. Navedeni alati mogu prikupljati i pohranjivati\u00a0 tehni\u010dke podatke kao \u0161to su kola\u010di\u0107i, IP adresa korisnika i\/ili posjetitelja, identifikator mobilnog ure\u0111aja, podatke o pregledniku i sli\u010dno, ali pritom ne identificiraju osobu.<br \/>\nKola\u010di\u0107i koji se pohranjuju slu\u017ee u\u00a0<em>analiti\u010dke i statisti\u010dke svrhe<\/em>\u00a0i za funkcioniranje svih zna\u010dajki internetske strance i boljeg korisni\u010dkog iskustva. Ti kola\u010di\u0107i mogu biti\u00a0<em>stalni kola\u010di\u0107 koji na ra\u010dunalu korisnika ostaju pohranjeni i nakon posjeta te privremeni kola\u010di\u0107i koji se pohranjuju samo tijekom posjeta stranici.<\/em><\/p>\n<p>Privremeni kola\u010di\u0107i ili kola\u010di\u0107i sesije uklanjaju se s ra\u010dunala po zatvaranju internetskog preglednika. Pomo\u0107u njih web stranice pohranjuju privremene podatke, poput stavki u ko\u0161arici za kupnju. Stalni ili spremljeni kola\u010di\u0107i ostaju na ra\u010dunalu nakon zatvaranja preglednika. Pomo\u0107u njih web stranice pohranjuju podatke, kao \u0161to su ime za prijavu i lozinka, tako da se ne morate prijavljivati prilikom svakog posjeta odre\u0111enom mjestu. Stalni kola\u010di\u0107i ostat \u0107e na ra\u010dunalu danima, mjesecima, \u010dak i godinama.<\/p>\n<p>Kola\u010di\u0107ima tre\u0107ih strana koristimo se za dobivanje statisti\u010dkih podataka o posje\u0107enosti i na\u010dinu upotrebe na\u0161ih internetskih stranica. Podaci koji se prikupljaju uklju\u010duju\u00a0<em>IP adresu korisnika, podatke o pregledniku, jeziku, operativnom sustavu<\/em>\u00a0i druge standardne statisti\u010dke podatke koji se prikupljaju i analiziraju isklju\u010divo u anonimnom i masovnom obliku.<\/p>\n<p>Ovisno o postavkama na va\u0161em internetskom pretra\u017eiva\u010du, kola\u010di\u0107i se mogu automatski prihva\u0107ati. Ako niste suglasni njihovom upotrebom, kola\u010di\u0107e mo\u017eete u bilo kojem trenutku lako izbrisati i\/ili trajno isklju\u010diti na va\u0161em ra\u010dunalu ili mobilnom ure\u0111aju pomo\u0107u postavki preglednika kojim se koristite.<\/p>\n<p>Vi\u0161e informacija o upravljanju kola\u010di\u0107ima potra\u017eite na stranicama preglednika kojim se koristite. Napominjemo kako je svrha kola\u010di\u0107a pobolj\u0161anje i omogu\u0107ivanje upotrebe na\u0161e internetske stranice te spre\u010davanjem ili brisanjem kola\u010di\u0107a mo\u017eete onemogu\u0107iti funkcioniranje zna\u010dajki na\u0161ih internetskih stranica ili uzrokovati druga\u010diji rad i izgled u va\u0161em pregledniku.<\/p>\n<p>Vi\u0161e o isklju\u010divanju kola\u010di\u0107a potra\u017eite na:<span>\u00a0<\/span><span><\/span><a href=\"https:\/\/www.wikihow.com\/Disable-Cookies\" target=\"_blank\" rel=\"noopener noreferrer\"><span style=\"color: #ffffff;\">https:\/\/www.wikihow.com\/Disable-Cookies<\/span><\/a>.<\/p>\n<p><strong>Popis svih kola\u010di\u0107a koje koristimo mo\u017eete vidjeti na:<\/strong>[\/et_pb_text][et_pb_button button_url=&#8221;http:\/\/cookieserve.com&#8221; url_new_window=&#8221;on&#8221; button_text=&#8221;cookieserve.com&#8221; button_alignment=&#8221;left&#8221; _builder_version=&#8221;4.25.2&#8243; _module_preset=&#8221;default&#8221; custom_button=&#8221;on&#8221; button_text_size=&#8221;20px&#8221; button_text_color=&#8221;#FFFFFF&#8221; button_bg_color=&#8221;#74b360&#8243; button_border_width=&#8221;0px&#8221; button_border_color=&#8221;RGBA(255,255,255,0)&#8221; button_border_radius=&#8221;6px&#8221; button_letter_spacing=&#8221;0px&#8221; button_font=&#8221;Poppins|500|||||||&#8221; button_use_icon=&#8221;off&#8221; background_layout=&#8221;dark&#8221; custom_padding=&#8221;2px|||||&#8221; hover_enabled=&#8221;0&#8243; global_colors_info=&#8221;{}&#8221; button_bg_enable_color=&#8221;on&#8221; sticky_enabled=&#8221;0&#8243;][\/et_pb_button][\/et_pb_column][\/et_pb_row][\/et_pb_section]<\/p>\n","protected":false},"excerpt":{"rendered":"<p>O kola\u010di\u0107imaNa\u0161e internetske stranice koriste kola\u010di\u0107e. Kola\u010di\u0107ima se smatraju datoteke male veli\u010dine koje se privremeno pohranjuju na va\u0161emu tvrdom disku, \u0161to na\u0161oj internetskoj stranici omogu\u0107ava prepoznavanje va\u0161ega ra\u010dunala prilikom sljede\u0107eg posjeta na\u0161im stranicama. Navedeni alati mogu prikupljati i pohranjivati\u00a0 tehni\u010dke podatke kao \u0161to su kola\u010di\u0107i, IP adresa korisnika i\/ili posjetitelja, identifikator mobilnog ure\u0111aja, podatke o [&hellip;]<\/p>\n","protected":false},"author":1,"featured_media":0,"parent":0,"menu_order":0,"comment_status":"closed","ping_status":"closed","template":"","meta":{"_et_pb_use_builder":"on","_et_pb_old_content":"","_et_gb_content_width":"","footnotes":""},"class_list":["post-343","page","type-page","status-publish","hentry"],"_links":{"self":[{"href":"https:\/\/www.asistent24.hr\/knjigovodstvo\/wp-json\/wp\/v2\/pages\/343","targetHints":{"allow":["GET"]}}],"collection":[{"href":"https:\/\/www.asistent24.hr\/knjigovodstvo\/wp-json\/wp\/v2\/pages"}],"about":[{"href":"https:\/\/www.asistent24.hr\/knjigovodstvo\/wp-json\/wp\/v2\/types\/page"}],"author":[{"embeddable":true,"href":"https:\/\/www.asistent24.hr\/knjigovodstvo\/wp-json\/wp\/v2\/users\/1"}],"replies":[{"embeddable":true,"href":"https:\/\/www.asistent24.hr\/knjigovodstvo\/wp-json\/wp\/v2\/comments?post=343"}],"version-history":[{"count":8,"href":"https:\/\/www.asistent24.hr\/knjigovodstvo\/wp-json\/wp\/v2\/pages\/343\/revisions"}],"predecessor-version":[{"id":1012,"href":"https:\/\/www.asistent24.hr\/knjigovodstvo\/wp-json\/wp\/v2\/pages\/343\/revisions\/1012"}],"wp:attachment":[{"href":"https:\/\/www.asistent24.hr\/knjigovodstvo\/wp-json\/wp\/v2\/media?parent=343"}],"curies":[{"name":"wp","href":"https:\/\/api.w.org\/{rel}","templated":true}]}}