{"id":346,"date":"2023-10-11T15:20:44","date_gmt":"2023-10-11T15:20:44","guid":{"rendered":"https:\/\/www.asistent24.hr\/novo\/?page_id=346"},"modified":"2025-10-31T12:46:08","modified_gmt":"2025-10-31T12:46:08","slug":"cookies-2","status":"publish","type":"page","link":"https:\/\/www.asistent24.hr\/knjigovodstvo\/cookies-2\/","title":{"rendered":"Politika za\u0161tite"},"content":{"rendered":"<p>[et_pb_section fb_built=&#8221;1&#8243; admin_label=&#8221;Naslovna&#8221; _builder_version=&#8221;4.25.2&#8243; background_color=&#8221;#FFFFFF&#8221; background_enable_image=&#8221;off&#8221; background_position=&#8221;bottom_center&#8221; custom_margin=&#8221;0px||||false|false&#8221; custom_padding=&#8221;0px|0px||0px|false|false&#8221; hover_enabled=&#8221;0&#8243; global_colors_info=&#8221;{}&#8221; sticky_enabled=&#8221;0&#8243;][et_pb_row admin_label=&#8221;Sadr\u017eaj&#8221; _builder_version=&#8221;4.22.2&#8243; background_size=&#8221;initial&#8221; background_position=&#8221;top_left&#8221; background_repeat=&#8221;repeat&#8221; custom_margin=&#8221;||||false|false&#8221; custom_padding=&#8221;|||1px|false|false&#8221; hover_enabled=&#8221;0&#8243; global_colors_info=&#8221;{}&#8221; sticky_enabled=&#8221;0&#8243;][et_pb_column type=&#8221;4_4&#8243; _builder_version=&#8221;4.16&#8243; custom_padding=&#8221;|||&#8221; global_colors_info=&#8221;{}&#8221; custom_padding__hover=&#8221;|||&#8221;][et_pb_text _builder_version=&#8221;4.25.2&#8243; text_font=&#8221;PT Sans||||||||&#8221; text_text_color=&#8221;#FFFFFF&#8221; text_line_height=&#8221;1.8em&#8221; header_font=&#8221;Poppins|500|||||||&#8221; header_text_color=&#8221;#74b360&#8243; header_font_size=&#8221;44px&#8221; header_line_height=&#8221;1.3em&#8221; header_2_font=&#8221;||||||||&#8221; header_3_font=&#8221;||||||||&#8221; header_4_font=&#8221;||||||||&#8221; background_layout=&#8221;dark&#8221; hover_enabled=&#8221;0&#8243; header_font_size_tablet=&#8221;44px&#8221; header_font_size_phone=&#8221;36px&#8221; header_font_size_last_edited=&#8221;on|phone&#8221; global_colors_info=&#8221;{}&#8221; sticky_enabled=&#8221;0&#8243;]<\/p>\n<h1><span>Politika za\u0161tite privatnosti<\/span><\/h1>\n<p>[\/et_pb_text][et_pb_text _builder_version=&#8221;4.25.2&#8243; text_font=&#8221;&#8211;et_global_body_font|&#8211;et_global_body_font_weight|||||||&#8221; text_text_color=&#8221;#25394e&#8221; header_font=&#8221;Poppins|500|||||||&#8221; header_font_size=&#8221;44px&#8221; header_line_height=&#8221;1.3em&#8221; header_2_font=&#8221;||||||||&#8221; header_3_font=&#8221;Poppins|700|||||||&#8221; header_3_text_color=&#8221;#25394e&#8221; header_4_font=&#8221;||||||||&#8221; background_layout=&#8221;dark&#8221; hover_enabled=&#8221;0&#8243; global_colors_info=&#8221;{}&#8221; sticky_enabled=&#8221;0&#8243;]<\/p>\n<p>U skladu sa \u010dlankom 13. stavkom 1. i 2. Uredbe (EU) 2016\/679 Europskog parlamenta i Vije\u0107a iz 27. travnja 2016. o za\u0161titi fizi\u010dkih osoba u odnosu na obradu osobnih podataka i slobodno kretanje takvih podataka i ukidanje Direktive 95\/46 \/ EZ (Op\u0107a uredba o za\u0161titi osobnih podataka) (Slu\u017ebeni list EU L 119, str. 1), (dalje u tekstu: GDPR), obavje\u0161tavam vas da je administrator va\u0161ih osobnih podataka: Asistent 24 obrt za usluge, OIB: <span>60574171910<\/span>, Bedeni\u010dki put 8, HR10040 Zagreb-Dubrava, Hrvatska.<\/p>\n<p>Politika za\u0161tite privatnosti primjenjuje se na sve osobne podatke korisnika koje prikupljamo i obra\u0111ujemo, izravno ili putem svojih partnera. Osobni podatak je svaki podatak koji se odnosi na fizi\u010dku osobu \u010diji je identitet utvr\u0111en ili se mo\u017ee utvrditi, izravno ili neizravno. Obrada podataka je bilo koja radnja izvr\u0161ena na osobnim podacima, poput primjerice prikupljanja, pohrane, upotrebe, uvida i prijenosa osobnih podataka. Ova Politika se ne primjenjuje na anonimne podatke. Anonimni podatak je podatak koji se ne mo\u017ee povezati s odre\u0111enom fizi\u010dkom osobom.<\/p>\n<p>Asistent 24 obrt za usluge (dalje u tekstu \u201emi\/na\u0161\/nas\u201c, \u201eAsistent 24\u201c) obra\u0111uje osobne podatke korisnika svojih usluga i posjetitelja stranice www.asistent24.hr\/knjigovodstvo (dalje u tekstu \u201emi\/na\u0161\/nas\u201c, \u201eposjetitelji\u201c, korisnici\u201c) u skladu s va\u017ee\u0107im propisima kojima je regulirana za\u0161tita osobnih podataka. Obra\u0111ujemo osobne podatke svojih korisnika samo kada za to postoji jasno odre\u0111ena pravna osnova: ugovorni odnos, suglasnost ispitanika, legitimni interes ili zakonska obveza.<\/p>\n<h3>Kori\u0161tenje web stranicom<\/h3>\n<p>Po\u0161tujemo va\u0161u privatnost i prikupljamo samo one osobne podatke koje sami dobrovoljno dostavite u svrhu narud\u017ebe u online trgovini, prijave za elektroni\u010dki newsletter ili slanjem upita putem obrazaca za kontakt (ime, adresa, kontakt broj, email adresa, naziv dru\u0161tva).<\/p>\n<p>Prigodom kori\u0161tenja ove internetske stranice, mo\u017eemo pohraniti odre\u0111ene informacije putem kola\u010di\u0107a (\u201ecookies\u201c) na va\u0161e ra\u010dunalo. Kola\u010di\u0107i su informacije koje se spremaju na osobno ra\u010dunalo u trenutku pregledavanja internetske stranice i omogu\u0107avaju njeno jednostavnije kori\u0161tenje (npr. adresu za dostavu), te ih pri ponovnom pokretanju iznova aktiviraju. Ovo omogu\u0107ava stranici da prika\u017ee informacije prilago\u0111ene va\u0161im potrebama.<\/p>\n<p>Ako pru\u017eate podatke u ime druge osobe, morate se pobrinuti da je ona upoznata s ovim pravilima o za\u0161titi privatnosti prije no \u0161to to u\u010dinite. Ako ste mla\u0111i od 16 godina, molimo vas da nam ne pru\u017eate nikakve podatke bez odobrenja roditelja ili skrbnika. Pomozite nam da a\u017euriramo va\u0161e podatke tako \u0161to \u0107ete nas obavijestiti o svim promjenama svojih kontaktnih podataka ili preferencija.<\/p>\n<h3>Prava korisnika<\/h3>\n<p>Imate pravo:<\/p>\n<ul>\n<li>tra\u017eiti od nas dodatne informacije o na\u010dinu na koji koristimo va\u0161e podatke,<\/li>\n<li>zatra\u017eiti primjerak osobnih podataka koje ste nam dali,<\/li>\n<li>zaprimiti osobne podatke o vama koje ste nam dali u strukturiranom, uobi\u010dajeno upotrebljavanom i strojno \u010ditljivom formatu te \u2013 gdje je to tehni\u010dki mogu\u0107e \u2013 da prenesemo te podatke drugom voditelju obrade bez zapreka ako se obrada va\u0161ih podataka temelji na va\u0161oj suglasnosti te se provodi na automatizirani na\u010din,<br \/>tra\u017eiti nas da a\u017euriramo sve neto\u010dnosti u podacima koje imamo,<\/li>\n<li>tra\u017eiti nas da izbri\u0161emo sve podatke u odnosu na koje vi\u0161e nemamo zakonsku osnovu za upotrebu,<\/li>\n<li>u slu\u010dajevima gdje se obrada temelji na suglasnosti te vezano za svaki direktni marketing, povu\u0107i svoju suglasnost s u\u010dinkom u budu\u0107nosti kako bismo prestali s takvom obradom,<\/li>\n<li>dati prigovor na svaku obradu koja se temelji na legitimnom interesu zbog va\u0161e specifi\u010dne situacije, osim ako su razlozi za izvr\u0161enje takve obrade ja\u010di od prava na za\u0161titu osobnih podataka,<\/li>\n<li>tra\u017eiti nas da ograni\u010dimo na\u010din na koji koristimo va\u0161e podatke, npr. dok se prigovor obra\u0111uje. Ako koristite bilo koje od ovih prava, provjerit \u0107emo osnovanost va\u0161eg prava i odgovoriti bez odlaganja, a najkasnije u roku od (10) dana od zaprimanja na e-mail anamarija@asistent24.hr.<\/li>\n<\/ul>\n<p>Ako imate ikakvih pitanja u vezi upotrebe va\u0161ih podataka, kontaktirajte nas na e-mail\u00a0tomo.kufner@asistent24.hr. Va\u0161e kori\u0161tenje ovih prava podlije\u017ee odre\u0111enim izuzecima radi za\u0161tite javnog interesa (npr. sprje\u010davanje ili otkrivanje zlo\u010dina), na\u0161ih interesa (npr. pravne obveze) ili prava i sloboda drugih.<\/p>\n<h3>Kako \u010duvamo va\u0161e podatke?<\/h3>\n<p>Koristimo sigurnosne mjere, uklju\u010duju\u0107i enkripciju i autentifikaciju, kako bismo za\u0161titili i odr\u017eali sigurnost, integritet i dostupnost va\u0161ih podataka. Izme\u0111u ostalog, koristimo i strogo ograni\u010den osobni pristup va\u0161im podacima po na\u010delu \u201enu\u017enog poznavanja\u201c te isklju\u010divo u svrhe o kojoj ste informirani, sigurni prijenos prikupljenih podataka, postavljanje vatrozida na IT sustave u svrhu zabrane neovla\u0161tenog pristupa, i trajno pra\u0107enje pristupa IT sustavima radi detekcije i sprje\u010davanja zlouporabe osobnih podataka.<\/p>\n<h3>Koliko dugo zadr\u017eavamo va\u0161e podatke?<\/h3>\n<p>Osobne podatke pohranjujemo i obra\u0111ujemo samo onoliko dugo koliko je potrebno za izvr\u0161enje odre\u0111ene legitimne svrhe, osim ako va\u017ee\u0107im propisima nije za pojedinu svrhu predvi\u0111eno du\u017ee vrijeme \u010duvanja (npr. u knjigovodstvene svrhe). U slu\u010daju davanja privole za marketing, podatke \u010duvamo onoliko dugo dok se privola ne povu\u010de. U slu\u010daju odbijenih ponuda, gdje nije dana privola za marketing, podatke vezane uz ponudu \u010duvamo godinu dana, a u slu\u010daju da nas zatra\u017eite brisanje, isti \u0107e biti odmah obrisani. Osobni podaci koji vi\u0161e nisu potrebni se ili nepovratno anonimiziraju ili se uni\u0161tavaju na siguran na\u010din.<\/p>\n<h3>Kako podnijeti prigovor?<\/h3>\n<p>Asistent 24 obrt za usluge \u0107e obra\u0111ivati va\u0161e podatke na zakonit i siguran na\u010din. Prigovor mo\u017eete podnijeti pismenim putem na e-mail anamarija@asistent24.hr. Ukoliko smatrate da se s va\u0161im podacima koristimo na nezakonit na\u010din te to ne mo\u017eete rije\u0161iti u suradnji s nama, imate pravo ulo\u017eiti prigovor Nadzornom tijelu (Agencija za za\u0161titu osobnih podataka \u2013 AZOP).<\/p>\n<p>&nbsp;<\/p>\n<p>[\/et_pb_text][\/et_pb_column][\/et_pb_row][\/et_pb_section]<\/p>\n","protected":false},"excerpt":{"rendered":"<p>Politika za\u0161tite privatnostiU skladu sa \u010dlankom 13. stavkom 1. i 2. Uredbe (EU) 2016\/679 Europskog parlamenta i Vije\u0107a iz 27. travnja 2016. o za\u0161titi fizi\u010dkih osoba u odnosu na obradu osobnih podataka i slobodno kretanje takvih podataka i ukidanje Direktive 95\/46 \/ EZ (Op\u0107a uredba o za\u0161titi osobnih podataka) (Slu\u017ebeni list EU L 119, str. [&hellip;]<\/p>\n","protected":false},"author":1,"featured_media":0,"parent":0,"menu_order":0,"comment_status":"closed","ping_status":"closed","template":"","meta":{"_et_pb_use_builder":"on","_et_pb_old_content":"","_et_gb_content_width":"","footnotes":""},"class_list":["post-346","page","type-page","status-publish","hentry"],"_links":{"self":[{"href":"https:\/\/www.asistent24.hr\/knjigovodstvo\/wp-json\/wp\/v2\/pages\/346","targetHints":{"allow":["GET"]}}],"collection":[{"href":"https:\/\/www.asistent24.hr\/knjigovodstvo\/wp-json\/wp\/v2\/pages"}],"about":[{"href":"https:\/\/www.asistent24.hr\/knjigovodstvo\/wp-json\/wp\/v2\/types\/page"}],"author":[{"embeddable":true,"href":"https:\/\/www.asistent24.hr\/knjigovodstvo\/wp-json\/wp\/v2\/users\/1"}],"replies":[{"embeddable":true,"href":"https:\/\/www.asistent24.hr\/knjigovodstvo\/wp-json\/wp\/v2\/comments?post=346"}],"version-history":[{"count":9,"href":"https:\/\/www.asistent24.hr\/knjigovodstvo\/wp-json\/wp\/v2\/pages\/346\/revisions"}],"predecessor-version":[{"id":999,"href":"https:\/\/www.asistent24.hr\/knjigovodstvo\/wp-json\/wp\/v2\/pages\/346\/revisions\/999"}],"wp:attachment":[{"href":"https:\/\/www.asistent24.hr\/knjigovodstvo\/wp-json\/wp\/v2\/media?parent=346"}],"curies":[{"name":"wp","href":"https:\/\/api.w.org\/{rel}","templated":true}]}}