{"id":666,"date":"2023-11-20T14:46:49","date_gmt":"2023-11-20T14:46:49","guid":{"rendered":"https:\/\/www.asistent24.hr\/novo\/?page_id=666"},"modified":"2025-12-22T09:22:00","modified_gmt":"2025-12-22T09:22:00","slug":"kontakt","status":"publish","type":"page","link":"https:\/\/www.asistent24.hr\/knjigovodstvo\/kontakt\/","title":{"rendered":"Kontakt"},"content":{"rendered":"<p>[et_pb_section fb_built=&#8221;1&#8243; admin_label=&#8221;Naslovna&#8221; _builder_version=&#8221;4.25.2&#8243; background_color=&#8221;#FFFFFF&#8221; background_enable_image=&#8221;off&#8221; background_size=&#8221;initial&#8221; background_position=&#8221;bottom_left&#8221; custom_margin=&#8221;0px||||false|false&#8221; custom_padding=&#8221;30px|0px||0px|false|false&#8221; locked=&#8221;off&#8221; global_colors_info=&#8221;{}&#8221;][et_pb_row column_structure=&#8221;2_3,1_3&#8243; custom_padding_last_edited=&#8221;on|phone&#8221; admin_label=&#8221;Sadr\u017eaj&#8221; _builder_version=&#8221;4.25.2&#8243; background_color=&#8221;#FFFFFF&#8221; background_size=&#8221;initial&#8221; background_position=&#8221;top_left&#8221; background_repeat=&#8221;repeat&#8221; custom_margin=&#8221;||||false|false&#8221; custom_padding=&#8221;30px|30px|30px|30px|false|false&#8221; custom_padding_tablet=&#8221;30px|30px|30px|30px|false|false&#8221; custom_padding_phone=&#8221;0px|0px|0px|0px|false|false&#8221; hover_enabled=&#8221;0&#8243; border_radii=&#8221;off|12px|12px||&#8221; locked=&#8221;off&#8221; global_colors_info=&#8221;{}&#8221; sticky_enabled=&#8221;0&#8243;][et_pb_column type=&#8221;2_3&#8243; _builder_version=&#8221;4.16&#8243; custom_padding=&#8221;|||&#8221; global_colors_info=&#8221;{}&#8221; custom_padding__hover=&#8221;|||&#8221;][et_pb_text _builder_version=&#8221;4.25.2&#8243; text_font=&#8221;PT Sans||||||||&#8221; text_text_color=&#8221;#FFFFFF&#8221; text_line_height=&#8221;1.8em&#8221; header_font=&#8221;Pacifico|500|||||||&#8221; header_text_align=&#8221;center&#8221; header_text_color=&#8221;#74b360&#8243; header_font_size=&#8221;48px&#8221; header_line_height=&#8221;1.3em&#8221; header_2_font=&#8221;|700|||||||&#8221; header_2_text_align=&#8221;center&#8221; header_2_text_color=&#8221;#666666&#8243; header_2_line_height=&#8221;1.2em&#8221; header_3_font=&#8221;||||||||&#8221; header_4_font=&#8221;||||||||&#8221; header_4_text_align=&#8221;center&#8221; header_4_text_color=&#8221;#000000&#8243; header_4_line_height=&#8221;1.4em&#8221; background_layout=&#8221;dark&#8221; header_font_size_tablet=&#8221;44px&#8221; header_font_size_phone=&#8221;36px&#8221; header_font_size_last_edited=&#8221;on|phone&#8221; global_colors_info=&#8221;{}&#8221;]<\/p>\n<h1><span>Pozdrav!<\/span><\/h1>\n<h4>Po\u0161aljite nam poruku, rado \u0107emo odgovoriti na sva va\u0161a pitanja ili dogovoriti sastanak kako bismo vam olak\u0161ali svakodnevne poslovne obaveze.<\/h4>\n<p>[\/et_pb_text][et_pb_text _builder_version=&#8221;4.25.2&#8243; text_font=&#8221;PT Sans||||||||&#8221; text_text_color=&#8221;#25394e&#8221; text_line_height=&#8221;1.8em&#8221; header_font=&#8221;Poppins|500|||||||&#8221; header_font_size=&#8221;44px&#8221; header_line_height=&#8221;1.3em&#8221; header_2_font=&#8221;||||||||&#8221; header_3_font=&#8221;||||||||&#8221; header_4_font=&#8221;||||||||&#8221; background_layout=&#8221;dark&#8221; global_colors_info=&#8221;{}&#8221;][\/et_pb_text][et_pb_contact_form email=&#8221;anamarija@asistent24.hr&#8221; success_message=&#8221;Hvala! Poruka je poslana! &#8221; submit_button_text=&#8221;Po\u0161alji&#8221; _builder_version=&#8221;4.25.2&#8243; _module_preset=&#8221;default&#8221; _unique_id=&#8221;faa8249d-4438-4760-bb6c-7ca9c7769a43&#8243; form_field_background_color=&#8221;#eeeeee&#8221; form_field_text_color=&#8221;#000000&#8243; form_field_focus_background_color=&#8221;#efefef&#8221; form_field_focus_text_color=&#8221;#000000&#8243; form_field_font_size=&#8221;16px&#8221; custom_button=&#8221;on&#8221; button_text_color=&#8221;#FFFFFF&#8221; button_bg_color=&#8221;#74b360&#8243; button_border_radius=&#8221;12px&#8221; hover_enabled=&#8221;0&#8243; border_radii=&#8221;on|12px|12px|12px|12px&#8221; global_colors_info=&#8221;{}&#8221; button_bg_enable_color=&#8221;on&#8221; sticky_enabled=&#8221;0&#8243;][et_pb_contact_field field_id=&#8221;Ime&#8221; field_title=&#8221;Ime*&#8221; _builder_version=&#8221;4.25.2&#8243; global_colors_info=&#8221;{}&#8221; button_text_size__hover_enabled=&#8221;off&#8221; button_one_text_size__hover_enabled=&#8221;off&#8221; button_two_text_size__hover_enabled=&#8221;off&#8221; button_text_color__hover_enabled=&#8221;off&#8221; button_one_text_color__hover_enabled=&#8221;off&#8221; button_two_text_color__hover_enabled=&#8221;off&#8221; button_border_width__hover_enabled=&#8221;off&#8221; button_one_border_width__hover_enabled=&#8221;off&#8221; button_two_border_width__hover_enabled=&#8221;off&#8221; button_border_color__hover_enabled=&#8221;off&#8221; button_one_border_color__hover_enabled=&#8221;off&#8221; button_two_border_color__hover_enabled=&#8221;off&#8221; button_border_radius__hover_enabled=&#8221;off&#8221; button_one_border_radius__hover_enabled=&#8221;off&#8221; button_two_border_radius__hover_enabled=&#8221;off&#8221; button_letter_spacing__hover_enabled=&#8221;off&#8221; button_one_letter_spacing__hover_enabled=&#8221;off&#8221; button_two_letter_spacing__hover_enabled=&#8221;off&#8221; button_bg_color__hover_enabled=&#8221;off&#8221; button_one_bg_color__hover_enabled=&#8221;off&#8221; button_two_bg_color__hover_enabled=&#8221;off&#8221;][\/et_pb_contact_field][et_pb_contact_field field_id=&#8221;Prezime&#8221; field_title=&#8221;Prezime*&#8221; _builder_version=&#8221;4.25.2&#8243; global_colors_info=&#8221;{}&#8221; button_text_size__hover_enabled=&#8221;off&#8221; button_one_text_size__hover_enabled=&#8221;off&#8221; button_two_text_size__hover_enabled=&#8221;off&#8221; button_text_color__hover_enabled=&#8221;off&#8221; button_one_text_color__hover_enabled=&#8221;off&#8221; button_two_text_color__hover_enabled=&#8221;off&#8221; button_border_width__hover_enabled=&#8221;off&#8221; button_one_border_width__hover_enabled=&#8221;off&#8221; button_two_border_width__hover_enabled=&#8221;off&#8221; button_border_color__hover_enabled=&#8221;off&#8221; button_one_border_color__hover_enabled=&#8221;off&#8221; button_two_border_color__hover_enabled=&#8221;off&#8221; button_border_radius__hover_enabled=&#8221;off&#8221; button_one_border_radius__hover_enabled=&#8221;off&#8221; button_two_border_radius__hover_enabled=&#8221;off&#8221; button_letter_spacing__hover_enabled=&#8221;off&#8221; button_one_letter_spacing__hover_enabled=&#8221;off&#8221; button_two_letter_spacing__hover_enabled=&#8221;off&#8221; button_bg_color__hover_enabled=&#8221;off&#8221; button_one_bg_color__hover_enabled=&#8221;off&#8221; button_two_bg_color__hover_enabled=&#8221;off&#8221;][\/et_pb_contact_field][et_pb_contact_field field_id=&#8221;Poruka&#8221; field_title=&#8221;Va\u0161a poruka:&#8221; field_type=&#8221;text&#8221; fullwidth_field=&#8221;on&#8221; _builder_version=&#8221;4.25.2&#8243; _module_preset=&#8221;default&#8221; global_colors_info=&#8221;{}&#8221;][\/et_pb_contact_field][\/et_pb_contact_form][\/et_pb_column][et_pb_column type=&#8221;1_3&#8243; _builder_version=&#8221;4.16&#8243; custom_padding=&#8221;|||&#8221; global_colors_info=&#8221;{}&#8221; custom_padding__hover=&#8221;|||&#8221;][et_pb_text _builder_version=&#8221;4.25.2&#8243; _module_preset=&#8221;default&#8221; global_colors_info=&#8221;{}&#8221;]<\/p>\n<p><strong>Asistent 24, obrt za usluge<\/strong><\/p>\n<p>[\/et_pb_text][et_pb_blurb title=&#8221;Vukomerec 44, Zagreb&#8221; url_new_window=&#8221;on&#8221; use_icon=&#8221;on&#8221; font_icon=&#8221;&#xf1ad;||fa||900&#8243; icon_color=&#8221;#74b360&#8243; icon_placement=&#8221;left&#8221; _builder_version=&#8221;4.25.2&#8243; _module_preset=&#8221;default&#8221; link_option_url_new_window=&#8221;on&#8221; global_colors_info=&#8221;{}&#8221;][\/et_pb_blurb][et_pb_blurb title=&#8221;anamarija@asistent24.hr&#8221; url=&#8221;mailto:anamarija@asistent24.hr&#8221; url_new_window=&#8221;on&#8221; use_icon=&#8221;on&#8221; font_icon=&#8221;&#xe076;||divi||400&#8243; icon_color=&#8221;#74B360&#8243; icon_placement=&#8221;left&#8221; _builder_version=&#8221;4.25.2&#8243; _module_preset=&#8221;default&#8221; link_option_url=&#8221;mailto:anamarija@asistent24.hr&#8221; link_option_url_new_window=&#8221;on&#8221; global_colors_info=&#8221;{}&#8221;][\/et_pb_blurb][et_pb_blurb title=&#8221;091 9389 281 &#8221; url_new_window=&#8221;on&#8221; use_icon=&#8221;on&#8221; font_icon=&#8221;&#xf879;||fa||900&#8243; icon_color=&#8221;#74B360&#8243; icon_placement=&#8221;left&#8221; _builder_version=&#8221;4.25.2&#8243; _module_preset=&#8221;default&#8221; link_option_url=&#8221;tel:0919389281 &#8221; link_option_url_new_window=&#8221;on&#8221; global_colors_info=&#8221;{}&#8221;][\/et_pb_blurb][et_pb_social_media_follow _builder_version=&#8221;4.25.2&#8243; _module_preset=&#8221;default&#8221; global_colors_info=&#8221;{}&#8221;][et_pb_social_media_follow_network social_network=&#8221;facebook&#8221; url=&#8221;https:\/\/www.facebook.com\/people\/Asistent-24\/100088839585586\/&#8221; _builder_version=&#8221;4.25.2&#8243; _module_preset=&#8221;default&#8221; background_color=&#8221;#3b5998&#8243; global_colors_info=&#8221;{}&#8221; follow_button=&#8221;off&#8221; url_new_window=&#8221;on&#8221;]facebook[\/et_pb_social_media_follow_network][et_pb_social_media_follow_network social_network=&#8221;instagram&#8221; url=&#8221;https:\/\/www.instagram.com\/asistent24_\/&#8221; _builder_version=&#8221;4.25.2&#8243; _module_preset=&#8221;default&#8221; background_color=&#8221;#ea2c59&#8243; global_colors_info=&#8221;{}&#8221; follow_button=&#8221;off&#8221; url_new_window=&#8221;on&#8221;]instagram[\/et_pb_social_media_follow_network][et_pb_social_media_follow_network social_network=&#8221;linkedin&#8221; url=&#8221;https:\/\/www.linkedin.com\/company\/asistent-24-obrt-za-ra%C4%8Dunovodstvene-usluge\/&#8221; _builder_version=&#8221;4.25.2&#8243; _module_preset=&#8221;default&#8221; background_color=&#8221;#007bb6&#8243; global_colors_info=&#8221;{}&#8221; follow_button=&#8221;off&#8221; url_new_window=&#8221;on&#8221;]linkedin[\/et_pb_social_media_follow_network][\/et_pb_social_media_follow][\/et_pb_column][\/et_pb_row][\/et_pb_section][et_pb_section fb_built=&#8221;1&#8243; fullwidth=&#8221;on&#8221; _builder_version=&#8221;4.25.2&#8243; _module_preset=&#8221;default&#8221; global_colors_info=&#8221;{}&#8221;][et_pb_fullwidth_map address=&#8221;Vukomerec ul. 44, 10000, Zagreb, Hrvatska&#8221; address_lat=&#8221;45.8070742&#8243; address_lng=&#8221;16.045659&#8243; _builder_version=&#8221;4.25.2&#8243; _module_preset=&#8221;default&#8221; global_colors_info=&#8221;{}&#8221;][et_pb_map_pin pin_address=&#8221;Vukomerec ul. 44, 10000, Zagreb, Hrvatska&#8221; pin_address_lat=&#8221;45.8070742&#8243; pin_address_lng=&#8221;16.045659&#8243; _builder_version=&#8221;4.25.2&#8243; _module_preset=&#8221;default&#8221; global_colors_info=&#8221;{}&#8221;][\/et_pb_map_pin][\/et_pb_fullwidth_map][\/et_pb_section]<\/p>\n","protected":false},"excerpt":{"rendered":"<p>Pozdrav! Po\u0161aljite nam poruku, rado \u0107emo odgovoriti na sva va\u0161a pitanja ili dogovoriti sastanak kako bismo vam olak\u0161ali svakodnevne poslovne obaveze.Asistent 24, obrt za usluge<\/p>\n","protected":false},"author":1,"featured_media":0,"parent":0,"menu_order":0,"comment_status":"closed","ping_status":"closed","template":"","meta":{"_et_pb_use_builder":"on","_et_pb_old_content":"","_et_gb_content_width":"","footnotes":""},"class_list":["post-666","page","type-page","status-publish","hentry"],"_links":{"self":[{"href":"https:\/\/www.asistent24.hr\/knjigovodstvo\/wp-json\/wp\/v2\/pages\/666","targetHints":{"allow":["GET"]}}],"collection":[{"href":"https:\/\/www.asistent24.hr\/knjigovodstvo\/wp-json\/wp\/v2\/pages"}],"about":[{"href":"https:\/\/www.asistent24.hr\/knjigovodstvo\/wp-json\/wp\/v2\/types\/page"}],"author":[{"embeddable":true,"href":"https:\/\/www.asistent24.hr\/knjigovodstvo\/wp-json\/wp\/v2\/users\/1"}],"replies":[{"embeddable":true,"href":"https:\/\/www.asistent24.hr\/knjigovodstvo\/wp-json\/wp\/v2\/comments?post=666"}],"version-history":[{"count":13,"href":"https:\/\/www.asistent24.hr\/knjigovodstvo\/wp-json\/wp\/v2\/pages\/666\/revisions"}],"predecessor-version":[{"id":1010,"href":"https:\/\/www.asistent24.hr\/knjigovodstvo\/wp-json\/wp\/v2\/pages\/666\/revisions\/1010"}],"wp:attachment":[{"href":"https:\/\/www.asistent24.hr\/knjigovodstvo\/wp-json\/wp\/v2\/media?parent=666"}],"curies":[{"name":"wp","href":"https:\/\/api.w.org\/{rel}","templated":true}]}}